{"id":69,"date":"2022-07-05T14:15:53","date_gmt":"2022-07-05T14:15:53","guid":{"rendered":"https:\/\/blog.yoopies.at\/spielen-mit-kindern-5-kreative-spielideen\/"},"modified":"2025-06-12T08:43:08","modified_gmt":"2025-06-12T08:43:08","slug":"spielen-mit-kindern-5-kreative-spielideen","status":"publish","type":"page","link":"https:\/\/yoopies.at\/c\/spielen-mit-kindern-5-kreative-spielideen\/","title":{"rendered":"Spielen mit Kindern aller Altersklassen: Kreative Spielideen f\u00fcr Babysitter"},"content":{"rendered":"<figure><img decoding=\"async\" src=\"https:\/\/yoopies.at\/c\/wp-content\/uploads\/sites\/6\/2022\/07\/f1b028a5831ece442110b866e24c9e2fb2baab13-animals-blur-colors-1319572.jpg\" \/><figcaption>Bild \u00a9 Magda Ehlers\/Pexels.com<\/figcaption><\/figure>\n<p><p>In deinem Babysitter-Job geht es nicht nur darum, das Kind zu versorgen und es vor Unf&auml;llen zu sch&uuml;tzen, sondern es auch zu besch&auml;ftigen. Mit sch&ouml;nen und kreativen Spielen geht die Zeit schnell um und das Kind kann sie auch ohne Mama und Papa genie&szlig;en. Wir haben Ideen gesammelt, wie du deine Zeit beim Babysitting sinnvoll mit den Kindern gestalten kannst. <\/p>\n<\/p>\n<p class=\"highlighted\">\n<p><strong>Welche Spiele sind f&uuml;r welches Alter geeignet?<\/strong><\/p>\n<\/p>\n<p><p>In jeder Entwicklungsphase haben Kinder andere Interessen. Wir haben die wichtigsten Hinweise zu den Interessen von Kindern in den unterschiedlichen Entwicklungsstufen f&uuml;r dich zusammengefasst. <\/p>\n<\/p>\n<ul>\n<li><strong>Interessen von S&auml;uglingen<\/strong><\/li>\n<\/ul>\n<p>S&auml;uglinge brauchen in erster Linie das Gef&uuml;hl, dass sie geborgen und sicher sind. Wenn sie schon greifen k&ouml;nnen, haben sie gerne etwas Buntes oder Raschelndes in der Hand, mit dem sie sich lange besch&auml;ftigen k&ouml;nnen. Sie h&ouml;ren gerne zu, wenn Musik spielt oder du ein Lied vorsingst. Ansonsten reicht es schon, das Baby &ndash; unter permanenter Aufsicht &ndash; krabbeln zu lassen oder sich neben das Kind auf den Bode zu legen und mit ihm zu kuscheln. <\/p>\n<\/p>\n<ul>\n<li><strong>Interessen von Kleinkindern (1 bis 3 Jahre)<\/strong><\/li>\n<\/ul>\n<p>In dieser Zeit m&ouml;gen Kinder gerne malen, basten oder auf den Spielplatz gehen. Sie bauen Sandburgen in der Sandkiste, entwerfen mit Bausteinen kleine Fantasiewelten, verarzten Puppen und lieben Rollenspiele. Da sie jetzt &uuml;berall herankommen, ist eine permanente Aufsicht besonders wichtig. <\/p>\n<\/p>\n<ul>\n<li><strong>Interessen von Kindergarten- und Grundschulkindern (4 bis 6 Jahre)<\/strong><\/li>\n<\/ul>\n<p>Jetzt werden Kinder schon wacher und fitter und die Spiele k&ouml;nnen herausfordernder sein. Kinder in diesem Alter k&ouml;nnen drau&szlig;en Seilspringen und Fahrradfahren, erste Ged&auml;chtnisspiele spielen und verstehen auch schon die Regeln von Brett- und Kartenspielen. <\/p>\n<\/p>\n<figure><img decoding=\"async\" src=\"https:\/\/yoopies.at\/c\/wp-content\/uploads\/sites\/6\/2022\/07\/24736bd6c0bc992840947dfb0581c9b12e004c16-blocks-childrens-toy-cubes-1275235.jpg\" \/><figcaption>Bild \u00a9 Suzy Hazelwood\/Pexels.com<\/figcaption><\/figure>\n<p class=\"highlighted\">\n<p><strong>Spiel 1: F&uuml;r die Ann&auml;herung und die erste Begegnung<\/strong><\/p>\n<\/p>\n<p><p>Insbesondere wenn du zum ersten Mal auf ein Kind aufpasst, m&uuml;sst ihr euch gegenseitig n&auml;her kennenlernen. Viele Kinder haben eine nat&uuml;rliche Scheu und m&uuml;ssen erst warm werden mit dem neuen Babysitter. Daf&uuml;r eignet sich besonders gut das Versteckspiel im Zimmer oder in der Wohnung &ndash; ein Spiel, das Kindern &uuml;ber alle Altersgrenzen hinweg Spa&szlig; macht. Fast alle Kinder haben Freude daran, sich unter dem Bett zu verstecken und dann lange Zeit nicht gefunden zu werden. Gemeinsames Lachen taut auf und sorgt daf&uuml;r, dass das Kind Vertrauen zu dir fasst. <\/p>\n<\/p>\n<p><p><strong>Tipp<\/strong>: Sollte das Zimmer keine guten Verstecke hergeben, dann ist Pantomime eine tolle Alternative. Du kannst lustige Tiere nachmachen und das Kind hat Freude daran, sie zu erraten. Auch dieses Spiel schafft eine gute Verbindung zwischen euch und l&auml;sst die Zeit wie im Flug vergehen. <\/p>\n<\/p>\n<p class=\"highlighted\">\n<p><strong>Spiel 2: Was klappert da so?<\/strong><\/p>\n<\/p>\n<p><p>Auch dieses Spiel kann man &uuml;ber alle Altersgrenzen hinweg spielen. Alles, was du daf&uuml;r brauchst, sind eine Metalldose und ein paar Alltagsgegenst&auml;nde wie Kastanien, B&uuml;roklammern, Zuckerw&uuml;rfel, Perlen oder kleine Flummis. Um es zu vereinfachen, zeigst du dem Kind vorweg alle Gegenst&auml;nde und tust sie anschlie&szlig;end nacheinander heimlich in die Dose. Das Kind darf jetzt raten, was in der Dose ist. Um die Spannung zu steigern, kannst du das Ganze auch mit S&uuml;&szlig;igkeiten spielen. Ein St&uuml;ck Schokolade, ein Gummib&auml;rchen oder ein Traubenzucker &ndash; wenn etwas richtig erraten wurde, darf es gegessen werden. Das erh&ouml;ht die Spannung und den Spielspa&szlig; um ein Vielfaches. &nbsp;<\/p>\n<\/p>\n<p class=\"highlighted\">\n<p><strong>Spiel 3: Hindernisparcours bauen<\/strong><\/p>\n<\/p>\n<p><p>Dieses Spiel kannst du mit 2-J&auml;hrigen und auch mit 5-J&auml;hrigen spielen. Aus Kissen, Brettern, Sideboards und K&auml;sten baust du einen Hindernisparcours auf, den die Kinder bew&auml;ltigen m&uuml;ssen. Bei sch&ouml;nem Wetter kannst du das nat&uuml;rlich auch drau&szlig;en im Garten machen. Du f&ouml;rderst damit die Motorik und die Geschicklichkeit; au&szlig;erdem powern sich die Kinder bei diesem Spiel richtig aus. <\/p>\n<\/p>\n<p><p><strong>Tipp:<\/strong> Der Hindernisparcours ist eine perfekte Abwechslung, wenn du vorher mit dem Kind gebastelt oder ihm etwas vorgelesen hast. <\/p>\n<\/p>\n<p class=\"highlighted\">\n<p><strong>Spiel 4: Mit Wollresten ein Spinnennetz weben<\/strong><\/p>\n<\/p>\n<p><p>Auf dieses Spiel musst du dich etwas vorbereiten und alte Wollreste zusammensammeln. Solltest du keine Wollreste zuhause haben, dann bekommst du diese meist sehr g&uuml;nstig in einem Handarbeitsladen zu kaufen. Knote alle Wollreste zusammen und wickle sie zu einem gro&szlig;en Kn&auml;uel auf. Dann stellt ihr euch in die Mitte des Zimmers und das Spiel beginnt. Der Faden wird nun um alles gewickelt, was sich gerade im Raum befindet. Das kann ein Stuhl, ein Fenstergriff, der Bettpfosten oder ein gro&szlig;es Feuerwehrauto sein. Immer abwechselnd wird der Faden weiter im Raum verteilt, so dass ein gro&szlig;es Spinnennetz entsteht. Ist alle Wolle aufgebraucht, dann beginnt nun Teil 2 des Spiels: Die Kinder m&uuml;ssen versuchen, durch das Spinnennetz hindurchzusteigen. <\/p>\n<\/p>\n<p><p><strong>Tipp<\/strong>: Nach dem Spiel k&ouml;nnt ihr die Wolle weiterverwenden. Schneide sie in kleine, bunte F&auml;den in unterschiedlichen L&auml;ngen zwischen einem und 10 Zentimetern. Dann legst du alle F&auml;den in ein Sieb und l&auml;sst die Enden herausgucken. Spa&szlig; macht das Spiel besonders, wenn mehrere Kinder mitspielen. Nacheinander ziehen sie nun an den heraush&auml;ngenden F&auml;den &ndash; wer den L&auml;ngsten erwischt, hat gewonnen. <\/p>\n<\/p>\n<p class=\"highlighted\">\n<p><strong>Spiel 5: Malen mal anders<\/strong><\/p>\n<\/p>\n<p><p>Malen und basten kommen bei den Kindern immer gut an. Du kannst die Spannung und die Neugierde aber deutlich steigern, wenn du die Kinder mit den F&uuml;&szlig;en oder mit dem Mund malen l&auml;sst. Dazu nimmst du dir entweder einen Pinsel und Tusche oder &ndash; nat&uuml;rlich gesundheitlich unbedenkliche &ndash; Stifte, die am anderen Ende der Miene in den Mund genommen werden. Auf diese Weise entstehen witzige Kunstwerke und gleich noch ein Geschenk f&uuml;r Mama und Papa, wenn sie wieder zuhause sind. <\/p>\n<\/p>\n<p><p>Mit diesen Spielideen wird dein Babysitter-Job nicht nur dem Kind, sondern auch dir Freude machen. Je besser du ein Kind besch&auml;ftigst, desto zufriedener sind die Familien am Ende mit deiner Arbeit. Auf Yoopies haben sie die M&ouml;glichkeit, dich zu bewerten und dir ein positives Feedback zu geben. Das erh&ouml;ht gleichzeitig deine Chancen auf den n&auml;chsten Babysitterjob.<\/p>\n<\/p>\n<p><a class=\"button\" href=\"https:\/\/yoopies.at\/kinderbetreuung-jobs\">Jetzt Babysitter-Job auf Yoopies finden!<\/a><\/p>\n","protected":false},"excerpt":{"rendered":"<p>Bild \u00a9 Magda Ehlers\/Pexels.com In deinem Babysitter-Job geht es nicht nur darum, das Kind zu versorgen und es vor Unf&auml;llen zu sch&uuml;tzen, sondern es auch zu besch&auml;ftigen. Mit sch&ouml;nen und kreativen Spielen geht die Zeit schnell um und das Kind kann sie auch ohne Mama und Papa genie&szlig;en. Wir haben Ideen gesammelt, wie du deine [&hellip;]<\/p>\n","protected":false},"author":10,"featured_media":72,"parent":0,"menu_order":0,"comment_status":"closed","ping_status":"closed","template":"","meta":{"_acf_changed":false,"footnotes":""},"class_list":["post-69","page","type-page","status-publish","has-post-thumbnail","hentry"],"acf":[],"yoast_head":"<!-- This site is optimized with the Yoast SEO plugin v26.9 - https:\/\/yoast.com\/product\/yoast-seo-wordpress\/ -->\n<title>Spielen mit Kindern: 5 kreative Spielideen f\u00fcr Babysitter<\/title>\n<meta name=\"description\" content=\"Time to play! Yoopies hat dir f\u00fcnf kreative Spielideen zusammengestellt, mit denen dein n\u00e4chster Babysitter-Job zum Kinderspiel wird!...\" \/>\n<meta name=\"robots\" content=\"index, follow, max-snippet:-1, max-image-preview:large, max-video-preview:-1\" \/>\n<link rel=\"canonical\" href=\"https:\/\/yoopies.at\/c\/spielen-mit-kindern-5-kreative-spielideen\/\" \/>\n<meta property=\"og:locale\" content=\"de_DE\" \/>\n<meta property=\"og:type\" content=\"article\" \/>\n<meta property=\"og:title\" content=\"Spielen mit Kindern: 5 kreative Spielideen f\u00fcr Babysitter\" \/>\n<meta property=\"og:description\" content=\"Time to play! Yoopies hat dir f\u00fcnf kreative Spielideen zusammengestellt, mit denen dein n\u00e4chster Babysitter-Job zum Kinderspiel wird!...\" \/>\n<meta property=\"og:url\" content=\"https:\/\/yoopies.at\/c\/spielen-mit-kindern-5-kreative-spielideen\/\" \/>\n<meta property=\"og:site_name\" content=\"Yoopies \u00d6sterreich\" \/>\n<meta property=\"article:modified_time\" content=\"2025-06-12T08:43:08+00:00\" \/>\n<meta property=\"og:image\" content=\"https:\/\/yoopies.at\/c\/wp-content\/uploads\/sites\/6\/2022\/07\/1409b3641cc3d7f4784aeb84f97a0b428c016645-animals-blur-colors-1319572.jpg\" \/>\n\t<meta property=\"og:image:width\" content=\"1200\" \/>\n\t<meta property=\"og:image:height\" content=\"800\" \/>\n\t<meta property=\"og:image:type\" content=\"image\/jpeg\" \/>\n<meta name=\"twitter:card\" content=\"summary_large_image\" \/>\n<meta name=\"twitter:label1\" content=\"Gesch\u00e4tzte Lesezeit\" \/>\n\t<meta name=\"twitter:data1\" content=\"5 Minuten\" \/>\n<script type=\"application\/ld+json\" class=\"yoast-schema-graph\">{\"@context\":\"https:\/\/schema.org\",\"@graph\":[{\"@type\":\"WebPage\",\"@id\":\"https:\/\/yoopies.at\/c\/spielen-mit-kindern-5-kreative-spielideen\/\",\"url\":\"https:\/\/yoopies.at\/c\/spielen-mit-kindern-5-kreative-spielideen\/\",\"name\":\"Spielen mit Kindern: 5 kreative Spielideen f\u00fcr Babysitter\",\"isPartOf\":{\"@id\":\"https:\/\/yoopies.at\/c\/#website\"},\"primaryImageOfPage\":{\"@id\":\"https:\/\/yoopies.at\/c\/spielen-mit-kindern-5-kreative-spielideen\/#primaryimage\"},\"image\":{\"@id\":\"https:\/\/yoopies.at\/c\/spielen-mit-kindern-5-kreative-spielideen\/#primaryimage\"},\"thumbnailUrl\":\"https:\/\/yoopies.at\/c\/wp-content\/uploads\/sites\/6\/2022\/07\/1409b3641cc3d7f4784aeb84f97a0b428c016645-animals-blur-colors-1319572.jpg\",\"datePublished\":\"2022-07-05T14:15:53+00:00\",\"dateModified\":\"2025-06-12T08:43:08+00:00\",\"description\":\"Time to play! Yoopies hat dir f\u00fcnf kreative Spielideen zusammengestellt, mit denen dein n\u00e4chster Babysitter-Job zum Kinderspiel wird!...\",\"breadcrumb\":{\"@id\":\"https:\/\/yoopies.at\/c\/spielen-mit-kindern-5-kreative-spielideen\/#breadcrumb\"},\"inLanguage\":\"de-AT\",\"potentialAction\":[{\"@type\":\"ReadAction\",\"target\":[\"https:\/\/yoopies.at\/c\/spielen-mit-kindern-5-kreative-spielideen\/\"]}]},{\"@type\":\"ImageObject\",\"inLanguage\":\"de-AT\",\"@id\":\"https:\/\/yoopies.at\/c\/spielen-mit-kindern-5-kreative-spielideen\/#primaryimage\",\"url\":\"https:\/\/yoopies.at\/c\/wp-content\/uploads\/sites\/6\/2022\/07\/1409b3641cc3d7f4784aeb84f97a0b428c016645-animals-blur-colors-1319572.jpg\",\"contentUrl\":\"https:\/\/yoopies.at\/c\/wp-content\/uploads\/sites\/6\/2022\/07\/1409b3641cc3d7f4784aeb84f97a0b428c016645-animals-blur-colors-1319572.jpg\",\"width\":1200,\"height\":800},{\"@type\":\"BreadcrumbList\",\"@id\":\"https:\/\/yoopies.at\/c\/spielen-mit-kindern-5-kreative-spielideen\/#breadcrumb\",\"itemListElement\":[{\"@type\":\"ListItem\",\"position\":1,\"name\":\"Home\",\"item\":\"https:\/\/yoopies.at\/c\/\"},{\"@type\":\"ListItem\",\"position\":2,\"name\":\"Spielen mit Kindern aller Altersklassen: Kreative Spielideen f\u00fcr Babysitter\"}]},{\"@type\":\"WebSite\",\"@id\":\"https:\/\/yoopies.at\/c\/#website\",\"url\":\"https:\/\/yoopies.at\/c\/\",\"name\":\"Yoopies \u00d6sterreich\",\"description\":\"\",\"potentialAction\":[{\"@type\":\"SearchAction\",\"target\":{\"@type\":\"EntryPoint\",\"urlTemplate\":\"https:\/\/yoopies.at\/c\/?s={search_term_string}\"},\"query-input\":{\"@type\":\"PropertyValueSpecification\",\"valueRequired\":true,\"valueName\":\"search_term_string\"}}],\"inLanguage\":\"de-AT\"}]}<\/script>\n<!-- \/ Yoast SEO plugin. -->","yoast_head_json":{"title":"Spielen mit Kindern: 5 kreative Spielideen f\u00fcr Babysitter","description":"Time to play! Yoopies hat dir f\u00fcnf kreative Spielideen zusammengestellt, mit denen dein n\u00e4chster Babysitter-Job zum Kinderspiel wird!...","robots":{"index":"index","follow":"follow","max-snippet":"max-snippet:-1","max-image-preview":"max-image-preview:large","max-video-preview":"max-video-preview:-1"},"canonical":"https:\/\/yoopies.at\/c\/spielen-mit-kindern-5-kreative-spielideen\/","og_locale":"de_DE","og_type":"article","og_title":"Spielen mit Kindern: 5 kreative Spielideen f\u00fcr Babysitter","og_description":"Time to play! Yoopies hat dir f\u00fcnf kreative Spielideen zusammengestellt, mit denen dein n\u00e4chster Babysitter-Job zum Kinderspiel wird!...","og_url":"https:\/\/yoopies.at\/c\/spielen-mit-kindern-5-kreative-spielideen\/","og_site_name":"Yoopies \u00d6sterreich","article_modified_time":"2025-06-12T08:43:08+00:00","og_image":[{"width":1200,"height":800,"url":"https:\/\/yoopies.at\/c\/wp-content\/uploads\/sites\/6\/2022\/07\/1409b3641cc3d7f4784aeb84f97a0b428c016645-animals-blur-colors-1319572.jpg","type":"image\/jpeg"}],"twitter_card":"summary_large_image","twitter_misc":{"Gesch\u00e4tzte Lesezeit":"5 Minuten"},"schema":{"@context":"https:\/\/schema.org","@graph":[{"@type":"WebPage","@id":"https:\/\/yoopies.at\/c\/spielen-mit-kindern-5-kreative-spielideen\/","url":"https:\/\/yoopies.at\/c\/spielen-mit-kindern-5-kreative-spielideen\/","name":"Spielen mit Kindern: 5 kreative Spielideen f\u00fcr Babysitter","isPartOf":{"@id":"https:\/\/yoopies.at\/c\/#website"},"primaryImageOfPage":{"@id":"https:\/\/yoopies.at\/c\/spielen-mit-kindern-5-kreative-spielideen\/#primaryimage"},"image":{"@id":"https:\/\/yoopies.at\/c\/spielen-mit-kindern-5-kreative-spielideen\/#primaryimage"},"thumbnailUrl":"https:\/\/yoopies.at\/c\/wp-content\/uploads\/sites\/6\/2022\/07\/1409b3641cc3d7f4784aeb84f97a0b428c016645-animals-blur-colors-1319572.jpg","datePublished":"2022-07-05T14:15:53+00:00","dateModified":"2025-06-12T08:43:08+00:00","description":"Time to play! Yoopies hat dir f\u00fcnf kreative Spielideen zusammengestellt, mit denen dein n\u00e4chster Babysitter-Job zum Kinderspiel wird!...","breadcrumb":{"@id":"https:\/\/yoopies.at\/c\/spielen-mit-kindern-5-kreative-spielideen\/#breadcrumb"},"inLanguage":"de-AT","potentialAction":[{"@type":"ReadAction","target":["https:\/\/yoopies.at\/c\/spielen-mit-kindern-5-kreative-spielideen\/"]}]},{"@type":"ImageObject","inLanguage":"de-AT","@id":"https:\/\/yoopies.at\/c\/spielen-mit-kindern-5-kreative-spielideen\/#primaryimage","url":"https:\/\/yoopies.at\/c\/wp-content\/uploads\/sites\/6\/2022\/07\/1409b3641cc3d7f4784aeb84f97a0b428c016645-animals-blur-colors-1319572.jpg","contentUrl":"https:\/\/yoopies.at\/c\/wp-content\/uploads\/sites\/6\/2022\/07\/1409b3641cc3d7f4784aeb84f97a0b428c016645-animals-blur-colors-1319572.jpg","width":1200,"height":800},{"@type":"BreadcrumbList","@id":"https:\/\/yoopies.at\/c\/spielen-mit-kindern-5-kreative-spielideen\/#breadcrumb","itemListElement":[{"@type":"ListItem","position":1,"name":"Home","item":"https:\/\/yoopies.at\/c\/"},{"@type":"ListItem","position":2,"name":"Spielen mit Kindern aller Altersklassen: Kreative Spielideen f\u00fcr Babysitter"}]},{"@type":"WebSite","@id":"https:\/\/yoopies.at\/c\/#website","url":"https:\/\/yoopies.at\/c\/","name":"Yoopies \u00d6sterreich","description":"","potentialAction":[{"@type":"SearchAction","target":{"@type":"EntryPoint","urlTemplate":"https:\/\/yoopies.at\/c\/?s={search_term_string}"},"query-input":{"@type":"PropertyValueSpecification","valueRequired":true,"valueName":"search_term_string"}}],"inLanguage":"de-AT"}]}},"_links":{"self":[{"href":"https:\/\/yoopies.at\/c\/wp-json\/wp\/v2\/pages\/69","targetHints":{"allow":["GET"]}}],"collection":[{"href":"https:\/\/yoopies.at\/c\/wp-json\/wp\/v2\/pages"}],"about":[{"href":"https:\/\/yoopies.at\/c\/wp-json\/wp\/v2\/types\/page"}],"author":[{"embeddable":true,"href":"https:\/\/yoopies.at\/c\/wp-json\/wp\/v2\/users\/10"}],"replies":[{"embeddable":true,"href":"https:\/\/yoopies.at\/c\/wp-json\/wp\/v2\/comments?post=69"}],"version-history":[{"count":1,"href":"https:\/\/yoopies.at\/c\/wp-json\/wp\/v2\/pages\/69\/revisions"}],"predecessor-version":[{"id":73,"href":"https:\/\/yoopies.at\/c\/wp-json\/wp\/v2\/pages\/69\/revisions\/73"}],"wp:featuredmedia":[{"embeddable":true,"href":"https:\/\/yoopies.at\/c\/wp-json\/wp\/v2\/media\/72"}],"wp:attachment":[{"href":"https:\/\/yoopies.at\/c\/wp-json\/wp\/v2\/media?parent=69"}],"curies":[{"name":"wp","href":"https:\/\/api.w.org\/{rel}","templated":true}]}}