{"id":20,"date":"2022-08-15T19:14:22","date_gmt":"2022-08-15T19:14:22","guid":{"rendered":"https:\/\/blog.yoopies.at\/10-dinge-die-man-mit-kindern-in-wien-unternehmen-kann\/"},"modified":"2025-06-12T08:43:07","modified_gmt":"2025-06-12T08:43:07","slug":"10-dinge-die-man-mit-kindern-in-wien-unternehmen-kann","status":"publish","type":"page","link":"https:\/\/yoopies.at\/c\/10-dinge-die-man-mit-kindern-in-wien-unternehmen-kann\/","title":{"rendered":"10 Dinge, die man mit seinen Kindern in Wien unternehmen kann"},"content":{"rendered":"<p><p class=\"block-img\"><img decoding=\"async\" src=\"https:\/\/yoopies.at\/c\/wp-content\/uploads\/sites\/6\/2022\/08\/6379dbe9-7ab5-462f-a7ed-788ad09b1954_vienna.jpg\" alt=\"\"><\/p>\n<p>Mit seiner riesigen Auswahl an unterschiedlichsten Aktivit&auml;ten ist Wien definitiv immer eine Reise oder auch nur einen Tagesausflug wert. In folgendem Artikel, haben wir unsere Top 10 Aktivit&auml;ten, die ihr mit euren Kindern in Wien bei jedem Wetter unternehmen k&ouml;nnt, zusammengestellt. <\/p>\n<\/p>\n<p><h3>1. Das Naturhistorische Museum<\/h3>\n<p class=\"block-img\"><img decoding=\"async\" src=\"https:\/\/yoopies.at\/c\/wp-content\/uploads\/sites\/6\/2022\/08\/fc66d436-486c-4250-a023-4d0117bfe5b1_NaturalHistory.jpg\" alt=\"\"><\/p>\n<p>Das <a href=\"https:\/\/www.nhm-wien.ac.at\/\">Naturhistorische Museum<\/a> ist ein absolutes Muss auf der Liste der in Wien zu besuchenden Musen. Es ist eine wahrhaft enzyklop&auml;dische Sammlung von Naturwundern, untergebracht in einem der beiden Zwillingspal&auml;ste (gegen&uuml;ber befindet sich das Kunsthistorische Museum). F&uuml;r Historiker ist das Highlight die Venus von Villendorf (die &auml;lteste Skulptur der Welt), f&uuml;r Kinder die Dinosaurier-Ausstellungen, die zahlreiche vollst&auml;ndige Fossilien sowie bewegliche, br&uuml;llende, lebensgro&szlig;e mechanische Nachbildungen umfassen. Die Sammlung ist so riesig, dass man problemlos einen ganzen Tag im Museum verbringen kann. Eine perfekte Option f&uuml;r verregnete Sommertage.<\/p>\n<\/p>\n<h3>2. Haus der Musik<\/h3>\n<p class=\"block-img\"><img decoding=\"async\" src=\"https:\/\/yoopies.at\/c\/wp-content\/uploads\/sites\/6\/2022\/08\/cec6aada-294b-41e9-b6e8-5e15bf16bc1d_Musik.jpg\" alt=\"\"><\/p>\n<p><a href=\"https:\/\/https:\/\/www.hausdermusik.com\/\">Das Haus der Musik<\/a> bietet ein ausgewogenes Verh&auml;ltnis zwischen Ausstellungen f&uuml;r Erwachsene (Portr&auml;ts ber&uuml;hmter Komponisten, Artefakte aus ihrem Leben) und interaktiven Exponaten, die Kinder lieben: eine Musiktreppe zum Beispiel, bei der jede Stufe eine virtuelle Klaviertaste ist, so dass man sich hinauf und hinunter spielen kann.Ausgesprochen beeindruckend ist auch &ldquo; <a href=\"https:\/\/www.hausdermusik.com\/museum\/4-etage-der-virtuelle-dirigent\/\">Der Virtuelle Dirigent<\/a>&rdquo; . <br \/>\nBei dieser Installation interagiert der Dirigent der Wiener Philharmoniker mit euch und hilft euch dabei, sein Orchester zu leiten &#8211; wenn man zu abgehackt dirigiert, h&ouml;ren die Musiker m&uuml;rrisch auf zu spielen.<\/p>\n<\/p>\n<h3>3. Spanische Hofreitschule<\/h3>\n<p class=\"block-img\"><img decoding=\"async\" src=\"https:\/\/yoopies.at\/c\/wp-content\/uploads\/sites\/6\/2022\/08\/aaa0df19-d7ad-4408-b06f-415e520e4c18_Lippizaner.jpg\" alt=\"\"><\/p>\n<p>Wenn eure Kinder Pferde lieben, solltet ihr euch die ber&uuml;hmte <a href=\"https:\/\/www.srs.at\/hofreitschule\/\">Spanische Hofreitschule <\/a>ansehen oder sogar einem der Trainings zusehen..Es empfiehlt sich rechtzeitig zu reservieren, da die Vorf&uuml;hrungen regelm&auml;&szlig;ig ausverkauft sind. Eine kostenlose Vorschau k&ouml;nnt ihr aber&nbsp; im gl&auml;sernen Atrium der Stallungen auf der anderen Stra&szlig;enseite erleben.<\/p>\n<\/p>\n<h3>4. Zoom Kindermuseum<\/h3>\n<p>Im <a href=\"https:\/\/www.mqw.at\/institutionen\/zoom-kindermuseum\">Zoom Kindermuseum<\/a> gibt es keine offenen Ausstellungsr&auml;ume, sondern eine Reihe von thematischen Ausstellungen, bei denen man von Museumsmitarbeitern begleitet wird. Es finden ganzj&auml;hrig Ausstellungen und Workshops statt, es gibt ein Multimedialabor und vieles mehr f&uuml;r Kinder von 8 Monaten bis 14 Jahren.<\/p>\n<\/p>\n<h3>5. Haus des Meeres<\/h3>\n<p class=\"block-img\"><img decoding=\"async\" src=\"https:\/\/yoopies.at\/c\/wp-content\/uploads\/sites\/6\/2022\/08\/30205791-984c-4f65-90e4-b17fe64e71ba_HausdesMeeres.jpg\" alt=\"\"><\/p>\n<p><a href=\"https:\/\/www.haus-des-meeres.at\/\">Das Haus des Meeres<\/a> wurde in einem ehemaligen Luftschutzturm aus dem zweiten Weltkrieg errichtet, der dem Beschuss der Alliierten standhalten sollte. Im Turm er&ouml;ffnet sich euch eine magische Welt,eine Vielfalt aus Wasser- und Landtieren. In den unteren Stockwerken befindet sich ein Glastunnel, in dem man durch ein riesiges Becken gehen kann, w&auml;hrend Rochen und Haie von allen Seiten vorbeiziehen. Ein gro&szlig;es Highlight f&uuml;r Kinder sind auch die <a href=\"https:\/\/www.haus-des-meeres.at\/index.php?lang=de&amp;pid=vifeedingtimes\">F&uuml;tterungen <\/a>der Krokodile, Piranhas und Haifische.<\/p>\n<\/p>\n<p><h3>6. Tiergarten Sch&ouml;nbrunn&nbsp;<\/h3>\n<p class=\"block-img\"><img decoding=\"async\" src=\"https:\/\/yoopies.at\/c\/wp-content\/uploads\/sites\/6\/2022\/08\/da8deaa6-c35b-4405-b1fa-a46db7404756_Zoo.jpg\" alt=\"\"><\/p>\n<p><a href=\"https:\/\/www.zoovienna.at\/\">Der Wiener Zoo<\/a> , der &auml;lteste Zoo der Welt, begann 1752 als kaiserliche Menagerie. Heute beherbergt er &uuml;ber 700 Tierarten auf einer Fl&auml;che von 17 Hektar des Sch&ouml;nbrunner Schlossgartens. Ihr k&ouml;nnt Sondervorf&uuml;hrungen und F&uuml;tterungen verschiedener Tiere besuchen, darunter Elefanten, Seel&ouml;wen, Pinguine, W&ouml;lfe, Tiger und sogar riesige Ameisenb&auml;ren<\/p>\n<\/p>\n<h3>7. Prater und Riesenrad<\/h3>\n<p class=\"block-img\"><img decoding=\"async\" src=\"https:\/\/yoopies.at\/c\/wp-content\/uploads\/sites\/6\/2022\/08\/b0af80bb-1295-4304-b130-309b93e440fb_Prater.jpg\" alt=\"\"><\/p>\n<p><a href=\"https:\/\/www.praterwien.com\/startseite\">Der Prater <\/a>l&auml;dt zum Spazierengehen ein und bietet au&szlig;erdem einen Vergn&uuml;gungspark mit &uuml;ber 250 Attraktionen, ein Schokoladenmuseum und sogar ein Pferderennen &#8211; es gibt also viel zu erleben und man kann ohne Probleme einen ganzen Nachmittag im Prater verbringen, ohne dass Langeweile aufkommt.<\/p>\n<\/p>\n<h3>8. Spielpl&auml;tze:<\/h3>\n<p class=\"block-img\"><img decoding=\"async\" src=\"https:\/\/yoopies.at\/c\/wp-content\/uploads\/sites\/6\/2022\/08\/f59aa3c1-0490-4a7a-9bb5-15f6b3d3493b_spielplatz.jpg\" alt=\"\"><\/p>\n<p>Im Stadtzentrum befinden sich die beiden besten Spielpl&auml;tze im Stadtpark und im Resselpark. Nur ein paar Dutzend Meter von der goldenen Johann-Strau&szlig;-Statue im Stadtpark entfernt finden Kinder und Kleinkinder einen gro&szlig;en Spielplatz mit Rutschen, Schaukeln, einer Wippe, eine Sandkiste und anderen Turnger&auml;ten zum Toben auf einem Boden aus weichen Holzsp&auml;nen.&nbsp;<\/p>\n<p>Im Resselpark befindet sich ein etwas kleinerer Spielplatz f&uuml;r Kleinkinder und etwas gr&ouml;&szlig;ere Kinder. Neben einer Rutsche und einer Schaukel gibt es hier auch ein Geschicklichkeitsspiel, eine Wippe und eine kleinen Sandkiste.<\/p>\n<\/p>\n<h3>9. Zuckerlwerkstatt Schaumanufaktur:<\/h3>\n<p class=\"block-img\"><img decoding=\"async\" src=\"https:\/\/yoopies.at\/c\/wp-content\/uploads\/sites\/6\/2022\/08\/be568b1f-b32d-4d83-b617-2aee82509998_Candy.jpg\" alt=\"\"><\/p>\n<p>In der <a href=\"https:\/\/www.zuckerlwerkstatt.at\/?mtm_group=Zuckerlwerkstatt&amp;mtm_campaign=Brand%20%22Zuckerlwerkstatt%22&amp;mtm_source=google&amp;mtm_medium=cpc&amp;gclid=Cj0KCQjw3eeXBhD7ARIsAHjssr_NqU2Q98Qipb1rU9k-LqKQaF5oYjTnmzFelNmCgUOcOdiUIFZSqIcaAlgxEALw_wcB\">Zuckerlwerkstatt <\/a>treffen Vergangenheit und Zukunft aufeinander, l&auml;ngst vergessene Zuckerlsorten werden nach alter Tradition wieder hergestellt.Hier k&ouml;nnt ihr den Zuckerlmachern dabei zuzusehen, wie sie den weichen, seidigen Teig mischen und kneten, ihn dann meisterhaft ausrollen und die Bonbons mit ihren filigranen Mustern ausschneiden und formen. Definitiv ein Erlebnis f&uuml;r Jung und Alt und gekostet werden darf nat&uuml;rlich auch!<\/p>\n<\/p>\n<h3>10. Kahlenberg<\/h3>\n<p>Um seine Kinder einmal ordentlich auszupowern, empfiehlt sich ein Besuch im <a href=\"https:\/\/waldseilpark.erlebniswelt-kahlenberg.at\/\">Waldseilpark Kahlenberg<\/a> . In vier verschiedenen Bereichen in H&ouml;hen zwischen 35 cm und 20 Metern haben sowohl Kinder als auch Jugendliche Spa&szlig; beim Klettern und Laufen. Der Waldseilpark hat die Gr&ouml;&szlig;e von vier Fu&szlig;ballfeldern, umfasst 15 Kletterparcours und liegt etwa 45 Minuten vom Stadtzentrum entfernt im Norden von Wien.&nbsp;<\/p>\n<p>In der <a href=\"https:\/\/josefinenhuette.erlebniswelt-kahlenberg.at\/\">Josefinenh&uuml;tte,<\/a> einem nahe gelegenen, sehr charmanten Restaurant, kann man den Tag dann ausklingen lassen.\n<\/p><\/p>\n","protected":false},"excerpt":{"rendered":"<p>Mit seiner riesigen Auswahl an unterschiedlichsten Aktivit&auml;ten ist Wien definitiv immer eine Reise oder auch nur einen Tagesausflug wert. In folgendem Artikel, haben wir unsere Top 10 Aktivit&auml;ten, die ihr mit euren Kindern in Wien bei jedem Wetter unternehmen k&ouml;nnt, zusammengestellt. 1. Das Naturhistorische Museum Das Naturhistorische Museum ist ein absolutes Muss auf der Liste [&hellip;]<\/p>\n","protected":false},"author":10,"featured_media":30,"parent":0,"menu_order":0,"comment_status":"closed","ping_status":"closed","template":"","meta":{"_acf_changed":false,"footnotes":""},"class_list":["post-20","page","type-page","status-publish","has-post-thumbnail","hentry"],"acf":[],"yoast_head":"<!-- This site is optimized with the Yoast SEO plugin v26.9 - https:\/\/yoast.com\/product\/yoast-seo-wordpress\/ -->\n<title>10 Aktivit\u00e4ten mit Kindern in Wien<\/title>\n<meta name=\"description\" content=\"Hier findet ihr 10 Dinge, die ihr mit euren Kindern in Wien unternehmen k\u00f6nnt. Ob der Tiergarten Sch\u00f6nbrunn , das Haus der Musik oder der Prater - es ist f\u00fcr jedes Wetter und f\u00fcr jeden etwas dabei!\" \/>\n<meta name=\"robots\" content=\"index, follow, max-snippet:-1, max-image-preview:large, max-video-preview:-1\" \/>\n<link rel=\"canonical\" href=\"https:\/\/yoopies.at\/c\/10-dinge-die-man-mit-kindern-in-wien-unternehmen-kann\/\" \/>\n<meta property=\"og:locale\" content=\"de_DE\" \/>\n<meta property=\"og:type\" content=\"article\" \/>\n<meta property=\"og:title\" content=\"10 Aktivit\u00e4ten mit Kindern in Wien\" \/>\n<meta property=\"og:description\" content=\"Hier findet ihr 10 Dinge, die ihr mit euren Kindern in Wien unternehmen k\u00f6nnt. Ob der Tiergarten Sch\u00f6nbrunn , das Haus der Musik oder der Prater - es ist f\u00fcr jedes Wetter und f\u00fcr jeden etwas dabei!\" \/>\n<meta property=\"og:url\" content=\"https:\/\/yoopies.at\/c\/10-dinge-die-man-mit-kindern-in-wien-unternehmen-kann\/\" \/>\n<meta property=\"og:site_name\" content=\"Yoopies \u00d6sterreich\" \/>\n<meta property=\"article:modified_time\" content=\"2025-06-12T08:43:07+00:00\" \/>\n<meta property=\"og:image\" content=\"https:\/\/yoopies.at\/c\/wp-content\/uploads\/sites\/6\/2022\/08\/b0af80bb-1295-4304-b130-309b93e440fb-prater.jpg\" \/>\n\t<meta property=\"og:image:width\" content=\"1200\" \/>\n\t<meta property=\"og:image:height\" content=\"1800\" \/>\n\t<meta property=\"og:image:type\" content=\"image\/jpeg\" \/>\n<meta name=\"twitter:card\" content=\"summary_large_image\" \/>\n<meta name=\"twitter:label1\" content=\"Gesch\u00e4tzte Lesezeit\" \/>\n\t<meta name=\"twitter:data1\" content=\"4 Minuten\" \/>\n<script type=\"application\/ld+json\" class=\"yoast-schema-graph\">{\"@context\":\"https:\/\/schema.org\",\"@graph\":[{\"@type\":\"WebPage\",\"@id\":\"https:\/\/yoopies.at\/c\/10-dinge-die-man-mit-kindern-in-wien-unternehmen-kann\/\",\"url\":\"https:\/\/yoopies.at\/c\/10-dinge-die-man-mit-kindern-in-wien-unternehmen-kann\/\",\"name\":\"10 Aktivit\u00e4ten mit Kindern in Wien\",\"isPartOf\":{\"@id\":\"https:\/\/yoopies.at\/c\/#website\"},\"primaryImageOfPage\":{\"@id\":\"https:\/\/yoopies.at\/c\/10-dinge-die-man-mit-kindern-in-wien-unternehmen-kann\/#primaryimage\"},\"image\":{\"@id\":\"https:\/\/yoopies.at\/c\/10-dinge-die-man-mit-kindern-in-wien-unternehmen-kann\/#primaryimage\"},\"thumbnailUrl\":\"https:\/\/yoopies.at\/c\/wp-content\/uploads\/sites\/6\/2022\/08\/b0af80bb-1295-4304-b130-309b93e440fb-prater.jpg\",\"datePublished\":\"2022-08-15T19:14:22+00:00\",\"dateModified\":\"2025-06-12T08:43:07+00:00\",\"description\":\"Hier findet ihr 10 Dinge, die ihr mit euren Kindern in Wien unternehmen k\u00f6nnt. Ob der Tiergarten Sch\u00f6nbrunn , das Haus der Musik oder der Prater - es ist f\u00fcr jedes Wetter und f\u00fcr jeden etwas dabei!\",\"breadcrumb\":{\"@id\":\"https:\/\/yoopies.at\/c\/10-dinge-die-man-mit-kindern-in-wien-unternehmen-kann\/#breadcrumb\"},\"inLanguage\":\"de-AT\",\"potentialAction\":[{\"@type\":\"ReadAction\",\"target\":[\"https:\/\/yoopies.at\/c\/10-dinge-die-man-mit-kindern-in-wien-unternehmen-kann\/\"]}]},{\"@type\":\"ImageObject\",\"inLanguage\":\"de-AT\",\"@id\":\"https:\/\/yoopies.at\/c\/10-dinge-die-man-mit-kindern-in-wien-unternehmen-kann\/#primaryimage\",\"url\":\"https:\/\/yoopies.at\/c\/wp-content\/uploads\/sites\/6\/2022\/08\/b0af80bb-1295-4304-b130-309b93e440fb-prater.jpg\",\"contentUrl\":\"https:\/\/yoopies.at\/c\/wp-content\/uploads\/sites\/6\/2022\/08\/b0af80bb-1295-4304-b130-309b93e440fb-prater.jpg\",\"width\":1200,\"height\":1800},{\"@type\":\"BreadcrumbList\",\"@id\":\"https:\/\/yoopies.at\/c\/10-dinge-die-man-mit-kindern-in-wien-unternehmen-kann\/#breadcrumb\",\"itemListElement\":[{\"@type\":\"ListItem\",\"position\":1,\"name\":\"Home\",\"item\":\"https:\/\/yoopies.at\/c\/\"},{\"@type\":\"ListItem\",\"position\":2,\"name\":\"10 Dinge, die man mit seinen Kindern in Wien unternehmen kann\"}]},{\"@type\":\"WebSite\",\"@id\":\"https:\/\/yoopies.at\/c\/#website\",\"url\":\"https:\/\/yoopies.at\/c\/\",\"name\":\"Yoopies \u00d6sterreich\",\"description\":\"\",\"potentialAction\":[{\"@type\":\"SearchAction\",\"target\":{\"@type\":\"EntryPoint\",\"urlTemplate\":\"https:\/\/yoopies.at\/c\/?s={search_term_string}\"},\"query-input\":{\"@type\":\"PropertyValueSpecification\",\"valueRequired\":true,\"valueName\":\"search_term_string\"}}],\"inLanguage\":\"de-AT\"}]}<\/script>\n<!-- \/ Yoast SEO plugin. -->","yoast_head_json":{"title":"10 Aktivit\u00e4ten mit Kindern in Wien","description":"Hier findet ihr 10 Dinge, die ihr mit euren Kindern in Wien unternehmen k\u00f6nnt. Ob der Tiergarten Sch\u00f6nbrunn , das Haus der Musik oder der Prater - es ist f\u00fcr jedes Wetter und f\u00fcr jeden etwas dabei!","robots":{"index":"index","follow":"follow","max-snippet":"max-snippet:-1","max-image-preview":"max-image-preview:large","max-video-preview":"max-video-preview:-1"},"canonical":"https:\/\/yoopies.at\/c\/10-dinge-die-man-mit-kindern-in-wien-unternehmen-kann\/","og_locale":"de_DE","og_type":"article","og_title":"10 Aktivit\u00e4ten mit Kindern in Wien","og_description":"Hier findet ihr 10 Dinge, die ihr mit euren Kindern in Wien unternehmen k\u00f6nnt. Ob der Tiergarten Sch\u00f6nbrunn , das Haus der Musik oder der Prater - es ist f\u00fcr jedes Wetter und f\u00fcr jeden etwas dabei!","og_url":"https:\/\/yoopies.at\/c\/10-dinge-die-man-mit-kindern-in-wien-unternehmen-kann\/","og_site_name":"Yoopies \u00d6sterreich","article_modified_time":"2025-06-12T08:43:07+00:00","og_image":[{"width":1200,"height":1800,"url":"https:\/\/yoopies.at\/c\/wp-content\/uploads\/sites\/6\/2022\/08\/b0af80bb-1295-4304-b130-309b93e440fb-prater.jpg","type":"image\/jpeg"}],"twitter_card":"summary_large_image","twitter_misc":{"Gesch\u00e4tzte Lesezeit":"4 Minuten"},"schema":{"@context":"https:\/\/schema.org","@graph":[{"@type":"WebPage","@id":"https:\/\/yoopies.at\/c\/10-dinge-die-man-mit-kindern-in-wien-unternehmen-kann\/","url":"https:\/\/yoopies.at\/c\/10-dinge-die-man-mit-kindern-in-wien-unternehmen-kann\/","name":"10 Aktivit\u00e4ten mit Kindern in Wien","isPartOf":{"@id":"https:\/\/yoopies.at\/c\/#website"},"primaryImageOfPage":{"@id":"https:\/\/yoopies.at\/c\/10-dinge-die-man-mit-kindern-in-wien-unternehmen-kann\/#primaryimage"},"image":{"@id":"https:\/\/yoopies.at\/c\/10-dinge-die-man-mit-kindern-in-wien-unternehmen-kann\/#primaryimage"},"thumbnailUrl":"https:\/\/yoopies.at\/c\/wp-content\/uploads\/sites\/6\/2022\/08\/b0af80bb-1295-4304-b130-309b93e440fb-prater.jpg","datePublished":"2022-08-15T19:14:22+00:00","dateModified":"2025-06-12T08:43:07+00:00","description":"Hier findet ihr 10 Dinge, die ihr mit euren Kindern in Wien unternehmen k\u00f6nnt. Ob der Tiergarten Sch\u00f6nbrunn , das Haus der Musik oder der Prater - es ist f\u00fcr jedes Wetter und f\u00fcr jeden etwas dabei!","breadcrumb":{"@id":"https:\/\/yoopies.at\/c\/10-dinge-die-man-mit-kindern-in-wien-unternehmen-kann\/#breadcrumb"},"inLanguage":"de-AT","potentialAction":[{"@type":"ReadAction","target":["https:\/\/yoopies.at\/c\/10-dinge-die-man-mit-kindern-in-wien-unternehmen-kann\/"]}]},{"@type":"ImageObject","inLanguage":"de-AT","@id":"https:\/\/yoopies.at\/c\/10-dinge-die-man-mit-kindern-in-wien-unternehmen-kann\/#primaryimage","url":"https:\/\/yoopies.at\/c\/wp-content\/uploads\/sites\/6\/2022\/08\/b0af80bb-1295-4304-b130-309b93e440fb-prater.jpg","contentUrl":"https:\/\/yoopies.at\/c\/wp-content\/uploads\/sites\/6\/2022\/08\/b0af80bb-1295-4304-b130-309b93e440fb-prater.jpg","width":1200,"height":1800},{"@type":"BreadcrumbList","@id":"https:\/\/yoopies.at\/c\/10-dinge-die-man-mit-kindern-in-wien-unternehmen-kann\/#breadcrumb","itemListElement":[{"@type":"ListItem","position":1,"name":"Home","item":"https:\/\/yoopies.at\/c\/"},{"@type":"ListItem","position":2,"name":"10 Dinge, die man mit seinen Kindern in Wien unternehmen kann"}]},{"@type":"WebSite","@id":"https:\/\/yoopies.at\/c\/#website","url":"https:\/\/yoopies.at\/c\/","name":"Yoopies \u00d6sterreich","description":"","potentialAction":[{"@type":"SearchAction","target":{"@type":"EntryPoint","urlTemplate":"https:\/\/yoopies.at\/c\/?s={search_term_string}"},"query-input":{"@type":"PropertyValueSpecification","valueRequired":true,"valueName":"search_term_string"}}],"inLanguage":"de-AT"}]}},"_links":{"self":[{"href":"https:\/\/yoopies.at\/c\/wp-json\/wp\/v2\/pages\/20","targetHints":{"allow":["GET"]}}],"collection":[{"href":"https:\/\/yoopies.at\/c\/wp-json\/wp\/v2\/pages"}],"about":[{"href":"https:\/\/yoopies.at\/c\/wp-json\/wp\/v2\/types\/page"}],"author":[{"embeddable":true,"href":"https:\/\/yoopies.at\/c\/wp-json\/wp\/v2\/users\/10"}],"replies":[{"embeddable":true,"href":"https:\/\/yoopies.at\/c\/wp-json\/wp\/v2\/comments?post=20"}],"version-history":[{"count":1,"href":"https:\/\/yoopies.at\/c\/wp-json\/wp\/v2\/pages\/20\/revisions"}],"predecessor-version":[{"id":31,"href":"https:\/\/yoopies.at\/c\/wp-json\/wp\/v2\/pages\/20\/revisions\/31"}],"wp:featuredmedia":[{"embeddable":true,"href":"https:\/\/yoopies.at\/c\/wp-json\/wp\/v2\/media\/30"}],"wp:attachment":[{"href":"https:\/\/yoopies.at\/c\/wp-json\/wp\/v2\/media?parent=20"}],"curies":[{"name":"wp","href":"https:\/\/api.w.org\/{rel}","templated":true}]}}