{"id":153,"date":"2022-06-05T16:51:28","date_gmt":"2022-06-05T16:51:28","guid":{"rendered":"https:\/\/blog.yoopies.at\/urainischen-fluechtling-einstellen\/"},"modified":"2025-06-12T08:43:07","modified_gmt":"2025-06-12T08:43:07","slug":"urainischen-fluechtling-einstellen","status":"publish","type":"page","link":"https:\/\/yoopies.at\/c\/urainischen-fluechtling-einstellen\/","title":{"rendered":"Eine Person aus der Ukraine einstellen &#8211; wie geht das?"},"content":{"rendered":"<figure><img decoding=\"async\" src=\"https:\/\/yoopies.at\/c\/wp-content\/uploads\/sites\/6\/2022\/06\/8f32e29d-850a-432b-ade4-059aa8690139-ukrainestickybar.jpg\" \/><\/figure>\n<p><p>Da die Ukraine nicht Mitglied der Europ&auml;ischen Union ist, gelten f&uuml;r ihre Staatsangeh&ouml;rigen die Gesetze &uuml;ber die Besch&auml;ftigung von Ausl&auml;ndern aus Drittl&auml;ndern. Nach diesem Gesetz muss ein Staatsangeh&ouml;riger eines bestimmten Landes seinen rechtm&auml;&szlig;igen Wohnsitz &Ouml;sterreich haben und im Besitz einer Arbeitserlaubnis sein.<\/p>\n<p>In &Ouml;sterreich haben Vertrieben aus der Ukraine die M&ouml;glichkeit, die &#8222;Blaue Karte&#8220; in Anspruch als Aufenthaltstitel in Anspruch zu nehmen.<\/p>\n<p>Derzeit ist das Aufenthaltsrecht bis 3. M&auml;rz 2023 g&uuml;ltig und kann bei Bedarf verl&auml;ngert werden. Die &bdquo;Blauen Karte&ldquo; sichert vertriebenen Personen aus der Ukraine Zugang zum &ouml;sterreichischen Arbeitsmarkt, zu einer Krankenversicherung sowie zum Bildungssystem.<\/p>\n<\/p>\n<p><p>Nach Angaben der &ouml;sterreichischen Einwanderungsbeh&ouml;rde wurden seit Beginn der russischen Invasion in &Ouml;sterreich mehr als 200.000 Ukrainer, &uuml;berwiegend Frauen und Kinder, aufgenommen, 27.000 davon haben sich bereits registriert (Stand Mai 2022).<\/p>\n<p>Die Plattform f&uuml;r h&auml;usliche Pflege Yoopies m&ouml;chte ihnen die berufliche Integration erleichtern und hat deshalb eine neue Funktion auf der Plattform eingerichtet: &#8222;Arbeitskr&auml;fte aus der Ukraine&#8220;.<\/p>\n<\/p>\n<figure><img decoding=\"async\" src=\"https:\/\/yoopies.at\/c\/wp-content\/uploads\/sites\/6\/2022\/06\/533caf6f-4902-47d4-a23b-eb776210c8d7-ukraineprofileat2.jpg\" \/><\/figure>\n<figure><img decoding=\"async\" src=\"https:\/\/yoopies.at\/c\/wp-content\/uploads\/sites\/6\/2022\/06\/80fcc1d5-7c16-4294-bd22-5cc9d5d87750-ukraineprofileat1.jpg\" \/><\/figure>\n<p><p>Alle ukrainischen Profile auf der Plattform haben die h&ouml;chste Sichtbarkeit und werden automatisch ganz oben auf der Seite mit den Kandidaten platziert, die Arbeit anbieten, um die Jobchancen zu maximieren. Wenn Familien auf der Plattform nach einer Pflegekraft oder einem Hausm&auml;dchen suchen, k&ouml;nnen sie &uuml;ber einen Suchfilter die Profile ukrainischer Arbeitskr&auml;fte ermitteln und sie durch die Inanspruchnahme ihrer Dienste unterst&uuml;tzen.<\/p>\n<p>Die Initiative wurde in allen 17 europ&auml;ischen L&auml;ndern gestartet, in denen Yoopies t&auml;tig ist: &Ouml;sterreich, Belgien, D&auml;nemark, Finnland, Frankreich, Deutschland, Italien, Litauen, Luxemburg, Norwegen, Polen, Portugal, Spanien, Schweden, Schweiz und Vereinigtes K&ouml;nigreich.<\/p>\n<p>Seit dem Start der Initiative am Dienstag, dem 19. April, wurden europaweit mehrere hundert neue ukrainische Profile auf der Plattform registriert.<\/p>\n<\/p>\n<p><a class=\"button\" href=\"https:\/\/www.yoopies.at\">Finde ukrainische Arbeitskr\u00e4fte auf der Plattform Yoopies!<\/a><\/p>\n<p><p>F&uuml;r Fragen oder weitere Informationen schreibe gerne eine E-Mail an: olivia.k@worklife.io<\/p>\n<\/p>\n<p><a class=\"button\" href=\"https:\/\/www.integrationsfonds.at\/newsbeitrag\/blaue-karte-neuer-identitaetsnachweis-fuer-ukrainische-vertriebene-13161\/\">Arbeitsbedingungen f\u00fcr Personen aus der Ukraine<\/a><\/p>\n","protected":false},"excerpt":{"rendered":"<p>Da die Ukraine nicht Mitglied der Europ&auml;ischen Union ist, gelten f&uuml;r ihre Staatsangeh&ouml;rigen die Gesetze &uuml;ber die Besch&auml;ftigung von Ausl&auml;ndern aus Drittl&auml;ndern. Nach diesem Gesetz muss ein Staatsangeh&ouml;riger eines bestimmten Landes seinen rechtm&auml;&szlig;igen Wohnsitz &Ouml;sterreich haben und im Besitz einer Arbeitserlaubnis sein. In &Ouml;sterreich haben Vertrieben aus der Ukraine die M&ouml;glichkeit, die &#8222;Blaue Karte&#8220; in [&hellip;]<\/p>\n","protected":false},"author":10,"featured_media":157,"parent":0,"menu_order":0,"comment_status":"closed","ping_status":"closed","template":"","meta":{"_acf_changed":false,"footnotes":""},"class_list":["post-153","page","type-page","status-publish","has-post-thumbnail","hentry"],"acf":[],"yoast_head":"<!-- This site is optimized with the Yoast SEO plugin v26.9 - https:\/\/yoast.com\/product\/yoast-seo-wordpress\/ -->\n<title>Job f\u00fcr ukrainische Fl\u00fcchtlinge auf Yoopies<\/title>\n<meta name=\"description\" content=\"Jobs f\u00fcr ukrainische Fl\u00fcchtlinge \u00fcber Yoopies - Die Plattform f\u00fcr h\u00e4usliche Pflege Yoopies startet eine Initiative, um Menschen, die aus der Ukraine geflohen sind, den Zugang zu Arbeit zu erleichtern.\" \/>\n<meta name=\"robots\" content=\"index, follow, max-snippet:-1, max-image-preview:large, max-video-preview:-1\" \/>\n<link rel=\"canonical\" href=\"https:\/\/yoopies.at\/c\/urainischen-fluechtling-einstellen\/\" \/>\n<meta property=\"og:locale\" content=\"de_DE\" \/>\n<meta property=\"og:type\" content=\"article\" \/>\n<meta property=\"og:title\" content=\"Job f\u00fcr ukrainische Fl\u00fcchtlinge auf Yoopies\" \/>\n<meta property=\"og:description\" content=\"Jobs f\u00fcr ukrainische Fl\u00fcchtlinge \u00fcber Yoopies - Die Plattform f\u00fcr h\u00e4usliche Pflege Yoopies startet eine Initiative, um Menschen, die aus der Ukraine geflohen sind, den Zugang zu Arbeit zu erleichtern.\" \/>\n<meta property=\"og:url\" content=\"https:\/\/yoopies.at\/c\/urainischen-fluechtling-einstellen\/\" \/>\n<meta property=\"og:site_name\" content=\"Yoopies \u00d6sterreich\" \/>\n<meta property=\"article:modified_time\" content=\"2025-06-12T08:43:07+00:00\" \/>\n<meta property=\"og:image\" content=\"https:\/\/yoopies.at\/c\/wp-content\/uploads\/sites\/6\/2022\/06\/89e306bb-d4ca-44a0-8cf1-23bff2172e3d-pexels-fauxels-318446528129.jpg\" \/>\n\t<meta property=\"og:image:width\" content=\"1200\" \/>\n\t<meta property=\"og:image:height\" content=\"800\" \/>\n\t<meta property=\"og:image:type\" content=\"image\/jpeg\" \/>\n<meta name=\"twitter:card\" content=\"summary_large_image\" \/>\n<meta name=\"twitter:label1\" content=\"Gesch\u00e4tzte Lesezeit\" \/>\n\t<meta name=\"twitter:data1\" content=\"2 Minuten\" \/>\n<script type=\"application\/ld+json\" class=\"yoast-schema-graph\">{\"@context\":\"https:\/\/schema.org\",\"@graph\":[{\"@type\":\"WebPage\",\"@id\":\"https:\/\/yoopies.at\/c\/urainischen-fluechtling-einstellen\/\",\"url\":\"https:\/\/yoopies.at\/c\/urainischen-fluechtling-einstellen\/\",\"name\":\"Job f\u00fcr ukrainische Fl\u00fcchtlinge auf Yoopies\",\"isPartOf\":{\"@id\":\"https:\/\/yoopies.at\/c\/#website\"},\"primaryImageOfPage\":{\"@id\":\"https:\/\/yoopies.at\/c\/urainischen-fluechtling-einstellen\/#primaryimage\"},\"image\":{\"@id\":\"https:\/\/yoopies.at\/c\/urainischen-fluechtling-einstellen\/#primaryimage\"},\"thumbnailUrl\":\"https:\/\/yoopies.at\/c\/wp-content\/uploads\/sites\/6\/2022\/06\/89e306bb-d4ca-44a0-8cf1-23bff2172e3d-pexels-fauxels-318446528129.jpg\",\"datePublished\":\"2022-06-05T16:51:28+00:00\",\"dateModified\":\"2025-06-12T08:43:07+00:00\",\"description\":\"Jobs f\u00fcr ukrainische Fl\u00fcchtlinge \u00fcber Yoopies - Die Plattform f\u00fcr h\u00e4usliche Pflege Yoopies startet eine Initiative, um Menschen, die aus der Ukraine geflohen sind, den Zugang zu Arbeit zu erleichtern.\",\"breadcrumb\":{\"@id\":\"https:\/\/yoopies.at\/c\/urainischen-fluechtling-einstellen\/#breadcrumb\"},\"inLanguage\":\"de-AT\",\"potentialAction\":[{\"@type\":\"ReadAction\",\"target\":[\"https:\/\/yoopies.at\/c\/urainischen-fluechtling-einstellen\/\"]}]},{\"@type\":\"ImageObject\",\"inLanguage\":\"de-AT\",\"@id\":\"https:\/\/yoopies.at\/c\/urainischen-fluechtling-einstellen\/#primaryimage\",\"url\":\"https:\/\/yoopies.at\/c\/wp-content\/uploads\/sites\/6\/2022\/06\/89e306bb-d4ca-44a0-8cf1-23bff2172e3d-pexels-fauxels-318446528129.jpg\",\"contentUrl\":\"https:\/\/yoopies.at\/c\/wp-content\/uploads\/sites\/6\/2022\/06\/89e306bb-d4ca-44a0-8cf1-23bff2172e3d-pexels-fauxels-318446528129.jpg\",\"width\":1200,\"height\":800},{\"@type\":\"BreadcrumbList\",\"@id\":\"https:\/\/yoopies.at\/c\/urainischen-fluechtling-einstellen\/#breadcrumb\",\"itemListElement\":[{\"@type\":\"ListItem\",\"position\":1,\"name\":\"Home\",\"item\":\"https:\/\/yoopies.at\/c\/\"},{\"@type\":\"ListItem\",\"position\":2,\"name\":\"Eine Person aus der Ukraine einstellen &#8211; wie geht das?\"}]},{\"@type\":\"WebSite\",\"@id\":\"https:\/\/yoopies.at\/c\/#website\",\"url\":\"https:\/\/yoopies.at\/c\/\",\"name\":\"Yoopies \u00d6sterreich\",\"description\":\"\",\"potentialAction\":[{\"@type\":\"SearchAction\",\"target\":{\"@type\":\"EntryPoint\",\"urlTemplate\":\"https:\/\/yoopies.at\/c\/?s={search_term_string}\"},\"query-input\":{\"@type\":\"PropertyValueSpecification\",\"valueRequired\":true,\"valueName\":\"search_term_string\"}}],\"inLanguage\":\"de-AT\"}]}<\/script>\n<!-- \/ Yoast SEO plugin. -->","yoast_head_json":{"title":"Job f\u00fcr ukrainische Fl\u00fcchtlinge auf Yoopies","description":"Jobs f\u00fcr ukrainische Fl\u00fcchtlinge \u00fcber Yoopies - Die Plattform f\u00fcr h\u00e4usliche Pflege Yoopies startet eine Initiative, um Menschen, die aus der Ukraine geflohen sind, den Zugang zu Arbeit zu erleichtern.","robots":{"index":"index","follow":"follow","max-snippet":"max-snippet:-1","max-image-preview":"max-image-preview:large","max-video-preview":"max-video-preview:-1"},"canonical":"https:\/\/yoopies.at\/c\/urainischen-fluechtling-einstellen\/","og_locale":"de_DE","og_type":"article","og_title":"Job f\u00fcr ukrainische Fl\u00fcchtlinge auf Yoopies","og_description":"Jobs f\u00fcr ukrainische Fl\u00fcchtlinge \u00fcber Yoopies - Die Plattform f\u00fcr h\u00e4usliche Pflege Yoopies startet eine Initiative, um Menschen, die aus der Ukraine geflohen sind, den Zugang zu Arbeit zu erleichtern.","og_url":"https:\/\/yoopies.at\/c\/urainischen-fluechtling-einstellen\/","og_site_name":"Yoopies \u00d6sterreich","article_modified_time":"2025-06-12T08:43:07+00:00","og_image":[{"width":1200,"height":800,"url":"https:\/\/yoopies.at\/c\/wp-content\/uploads\/sites\/6\/2022\/06\/89e306bb-d4ca-44a0-8cf1-23bff2172e3d-pexels-fauxels-318446528129.jpg","type":"image\/jpeg"}],"twitter_card":"summary_large_image","twitter_misc":{"Gesch\u00e4tzte Lesezeit":"2 Minuten"},"schema":{"@context":"https:\/\/schema.org","@graph":[{"@type":"WebPage","@id":"https:\/\/yoopies.at\/c\/urainischen-fluechtling-einstellen\/","url":"https:\/\/yoopies.at\/c\/urainischen-fluechtling-einstellen\/","name":"Job f\u00fcr ukrainische Fl\u00fcchtlinge auf Yoopies","isPartOf":{"@id":"https:\/\/yoopies.at\/c\/#website"},"primaryImageOfPage":{"@id":"https:\/\/yoopies.at\/c\/urainischen-fluechtling-einstellen\/#primaryimage"},"image":{"@id":"https:\/\/yoopies.at\/c\/urainischen-fluechtling-einstellen\/#primaryimage"},"thumbnailUrl":"https:\/\/yoopies.at\/c\/wp-content\/uploads\/sites\/6\/2022\/06\/89e306bb-d4ca-44a0-8cf1-23bff2172e3d-pexels-fauxels-318446528129.jpg","datePublished":"2022-06-05T16:51:28+00:00","dateModified":"2025-06-12T08:43:07+00:00","description":"Jobs f\u00fcr ukrainische Fl\u00fcchtlinge \u00fcber Yoopies - Die Plattform f\u00fcr h\u00e4usliche Pflege Yoopies startet eine Initiative, um Menschen, die aus der Ukraine geflohen sind, den Zugang zu Arbeit zu erleichtern.","breadcrumb":{"@id":"https:\/\/yoopies.at\/c\/urainischen-fluechtling-einstellen\/#breadcrumb"},"inLanguage":"de-AT","potentialAction":[{"@type":"ReadAction","target":["https:\/\/yoopies.at\/c\/urainischen-fluechtling-einstellen\/"]}]},{"@type":"ImageObject","inLanguage":"de-AT","@id":"https:\/\/yoopies.at\/c\/urainischen-fluechtling-einstellen\/#primaryimage","url":"https:\/\/yoopies.at\/c\/wp-content\/uploads\/sites\/6\/2022\/06\/89e306bb-d4ca-44a0-8cf1-23bff2172e3d-pexels-fauxels-318446528129.jpg","contentUrl":"https:\/\/yoopies.at\/c\/wp-content\/uploads\/sites\/6\/2022\/06\/89e306bb-d4ca-44a0-8cf1-23bff2172e3d-pexels-fauxels-318446528129.jpg","width":1200,"height":800},{"@type":"BreadcrumbList","@id":"https:\/\/yoopies.at\/c\/urainischen-fluechtling-einstellen\/#breadcrumb","itemListElement":[{"@type":"ListItem","position":1,"name":"Home","item":"https:\/\/yoopies.at\/c\/"},{"@type":"ListItem","position":2,"name":"Eine Person aus der Ukraine einstellen &#8211; wie geht das?"}]},{"@type":"WebSite","@id":"https:\/\/yoopies.at\/c\/#website","url":"https:\/\/yoopies.at\/c\/","name":"Yoopies \u00d6sterreich","description":"","potentialAction":[{"@type":"SearchAction","target":{"@type":"EntryPoint","urlTemplate":"https:\/\/yoopies.at\/c\/?s={search_term_string}"},"query-input":{"@type":"PropertyValueSpecification","valueRequired":true,"valueName":"search_term_string"}}],"inLanguage":"de-AT"}]}},"_links":{"self":[{"href":"https:\/\/yoopies.at\/c\/wp-json\/wp\/v2\/pages\/153","targetHints":{"allow":["GET"]}}],"collection":[{"href":"https:\/\/yoopies.at\/c\/wp-json\/wp\/v2\/pages"}],"about":[{"href":"https:\/\/yoopies.at\/c\/wp-json\/wp\/v2\/types\/page"}],"author":[{"embeddable":true,"href":"https:\/\/yoopies.at\/c\/wp-json\/wp\/v2\/users\/10"}],"replies":[{"embeddable":true,"href":"https:\/\/yoopies.at\/c\/wp-json\/wp\/v2\/comments?post=153"}],"version-history":[{"count":1,"href":"https:\/\/yoopies.at\/c\/wp-json\/wp\/v2\/pages\/153\/revisions"}],"predecessor-version":[{"id":158,"href":"https:\/\/yoopies.at\/c\/wp-json\/wp\/v2\/pages\/153\/revisions\/158"}],"wp:featuredmedia":[{"embeddable":true,"href":"https:\/\/yoopies.at\/c\/wp-json\/wp\/v2\/media\/157"}],"wp:attachment":[{"href":"https:\/\/yoopies.at\/c\/wp-json\/wp\/v2\/media?parent=153"}],"curies":[{"name":"wp","href":"https:\/\/api.w.org\/{rel}","templated":true}]}}