{"id":140,"date":"2022-07-26T09:09:31","date_gmt":"2022-07-26T09:09:31","guid":{"rendered":"https:\/\/blog.yoopies.at\/10-hunderassen-fur-familien-mit-kindern\/"},"modified":"2025-06-12T08:43:07","modified_gmt":"2025-06-12T08:43:07","slug":"10-hunderassen-fur-familien-mit-kindern","status":"publish","type":"page","link":"https:\/\/yoopies.at\/c\/10-hunderassen-fur-familien-mit-kindern\/","title":{"rendered":"10 Hunderassen f\u00fcr Familien mit Kindern"},"content":{"rendered":"<p><p class=\"block-img\"><img decoding=\"async\" src=\"https:\/\/yoopies.at\/c\/wp-content\/uploads\/sites\/6\/2022\/07\/ac93f4e6-d252-47ec-a09d-ac8c14504f75_dog5.jpg\" alt=\"\"><\/p>\n<p>Hunde k&ouml;nnen Kindern <strong>Verantwortung, Mitgef&uuml;hl und Geduld<\/strong> beibringen &#8211; ganz zu schweigen davon, dass sie die besten Spielkameraden sind, die man sich w&uuml;nschen kann. Bevor ihr euch einen Welpen in die Familie holt, solltet ihr euch&nbsp; jedoch &uuml;ber die Hunderasse informieren, die am besten zu eurem Zuhause und Lebensstil passt.&nbsp;<\/p>\n<p>Die Adoption oder der Kauf eines Welpen f&uuml;r ein Kind ist ein Prozess, der mit viel Zuneigung, aber auch mit Rationalit&auml;t durchdacht werden muss. Viele Kinder tr&auml;umen davon, ein Haustier im Haus zu haben, und die Beziehung zwischen Hund und Kind kann f&uuml;r beide von gro&szlig;em Nutzen sein! Wenn man Kinder hat, ist es wichtig zu wissen, welcher Hund am besten f&uuml;r Kinder geeignet ist, bevor man einen Hund mit nach Hause nimmt. Schlie&szlig;lich verdienen Hund, Kind und jedes andere Familienmitglied besondere Aufmerksamkeit und Sie m&uuml;ssen f&uuml;r die Sicherheit aller sorgen. Die Entscheidung, einen Welpen an ein Kind abzugeben, erfordert ein gutes Gespr&auml;ch mit den anderen Bewohnern des Hauses &uuml;ber die Anpassung des neuen Mitglieds und die Aufstellung einiger Regeln.<\/p>\n<\/p>\n<p><p>Viele Eltern haben Bedenken, einen Hund f&uuml;r Kinder zu adoptieren. Es besteht die Angst vor &uuml;berm&auml;&szlig;iger Unordnung, vor gesundheitlichen Problemen wie Allergien gegen das Tier und vor Zweifeln, ob das Kind die Verantwortung f&uuml;r die Pflege eines Haustiers &uuml;bernehmen w&uuml;rde. Obwohl in der Beziehung zwischen Hund und Kind auch etwas chaotisch zugehen kann, gibt es viele Vorteile. Ein Hund f&uuml;r Kinder verringert die Wahrscheinlichkeit von Bewegungsmangel, reduziert Stress und &Auml;ngste und hilft bei der Entwicklung von Zuneigung und Erziehung des Kindes, das mehr Verantwortung &uuml;bernimmt und lernt, sich an Regeln zu halten. Hund und Kind leisten sich nicht nur gegenseitig Gesellschaft, sondern erhalten auch die bedingungslose Liebe des jeweils anderen.<\/p>\n<p>Wenn wir &uuml;ber den idealen Hund f&uuml;r Kinder sprechen, denken wir in der Regel an bestimmte Rassen. Auch wenn jede Hunderasse eine Reihe von Vorteilen f&uuml;r die Kleinen bietet, gibt es einige spezifische Hinweise auf Hunderassen f&uuml;r Kinder. Aber welche Hunderassen sind denn nun die besten f&uuml;r Kinder? <br \/>\n<strong>Hier findet ihr unsere Top 10:<\/strong><\/p>\n<p class=\"block-img\"><img decoding=\"async\" src=\"https:\/\/yoopies.at\/c\/wp-content\/uploads\/sites\/6\/2022\/07\/b305ea08-4148-4cb2-95d7-375c5441df82_dog6.jpg\" alt=\"\"><\/p>\n<\/p>\n<p><p><strong>1. Golden Retriever:<\/strong><\/p>\n<p>Trotz seiner Gr&ouml;&szlig;e ist der Golden Retriever die richtige Wahl f&uuml;r Familien, die einen geduldigen, verspielten und geselligen Hund suchen. Sie sind gutm&uuml;tig und lieben es zu spielen, wobei sie ihren Besitzern immer zur Verf&uuml;gung stehen. Sie werden in der Regel zu guten Freunden ihrer Besitzer, egal ob es sich um Erwachsene, Kinder oder Senioren handelt.<\/p>\n<p><strong>2. Beagle:<\/strong><\/p>\n<p>Der Beagle ist ein kleiner bis mittelgro&szlig;er Hund, der jedoch voller Energie und Willenskraft ist. Die Rasse ist besonders bei Familien mit Kindern beliebt, die gerne im Freien spazieren gehen. Der Beagle liebt es, in Parks und Hinterh&ouml;fen zu spielen, vor allem, wenn er unbegrenzt schn&uuml;ffeln kann!<\/p>\n<p><strong>3. Border Collie:<\/strong><\/p>\n<p>Der Border Collie ist, wie der Golden Retriever, eine gro&szlig;e Rasse. Da sie fr&ouml;hliche, liebevolle Hunde mit einer hohen Ausbildungsf&auml;higkeit sind, sind sie bei Familien mit Kindern sehr beliebt. Sie sind extrem anh&auml;nglich, gutm&uuml;tig und ausgezeichnete Begleiter.<\/p>\n<p><strong>4. Englische Bulldogge:<\/strong><\/p>\n<p>Das Aussehen der Englischen Bulldogge mag zun&auml;chst etwas abschreckend wirken. Doch schon nach wenigen Minuten stellt die Rasse ihre Sanftheit, Treue und Ruhe unter Beweis. Die Englische Bulldoge ist ein guter Begleiter f&uuml;r Kinder, da sie gerne an gemeinsamen Spielen und Aktivit&auml;ten teilnimmt.Ein perfekter Partner f&uuml;r Kinder.<\/p>\n<\/p>\n<p><strong>5. Labrador: <\/strong><\/p>\n<p>Das Aussehen des Labradors sagt schon alles: Er ist ein sanfter, ruhiger und liebevoller Hund. Sie verbringen gerne Zeit an der Seite ihrer Besitzern, ob Kinder oder &auml;ltere Menschen. Sie sind anh&auml;nglich und sorglos und passen sich daher leicht an ihre neue Familie an. Sie lieben es zu spielen, und zwar egal wann.<\/p>\n<p class=\"block-img\"><img decoding=\"async\" src=\"https:\/\/yoopies.at\/c\/wp-content\/uploads\/sites\/6\/2022\/07\/5970a9a7-52d3-48fd-ad08-25e38757b0eb_dog4.jpg\" alt=\"\"><\/p>\n<\/p>\n<p><p><strong>6. Goldendoodle &#8211; Golden Retriever Pudel&nbsp;<\/strong><\/p>\n<p>Die Mischung zwischen dem Golden Retriever und dem Pudel k&ouml;nnte keine anderen Adjektive ergeben, au&szlig;er viel Liebe, Freude, Sanftmut und Intelligenz. Der Goldendoodle stammt von zwei der beliebtesten Hunderassen ab, l&auml;sst sich leicht erziehen, au&szlig;erdem lebt er in perfekter Harmonie mit den Kindern des Hauses.<\/p>\n<p><strong>7. Australian Shepherd:<\/strong><\/p>\n<p>F&uuml;r aktive Familien mit viel Platz ein Australien Shepard der ideale Begleiter. Er ist ein intelligenter und ausdauernder Hund mit ausgeglichenem Wesen. Zu seinem Besitzer verh&auml;lt er sich sehr&nbsp; freundlich und treu, Fremden gegen&uuml;ber kann er jedoch sensibel reagieren und es kann durchaus etwas dauern, bis er auftaut. Er ist sehr lernfreudig und gut erziehbar, allerdings duldet er keine Inkonsequenz seitens seines Besitzers. Er ist ein sehr anh&auml;nglicher Hund, der am liebsten immer und &uuml;berall dabei sein m&ouml;chte.<\/p>\n<p><strong>8. Mops:<\/strong><\/p>\n<p>Mit seinem sehr charakteristischen Aussehen ist der Mops eine weitere familientaugliche Rasse. Sie sind ruhig, entspannt und sorglos, spielen st&auml;ndig und genie&szlig;en die Aufmerksamkeit ihrer Besitzer. Zweifellos eine Rasse, die jede Familie begeistert!<\/p>\n<p><strong>9. Schnoodle &#8211; Schnauzer Pudel<\/strong><\/p>\n<p>Eine weitere Mischrasse, der Schnoodle, ist das Ergebnis einer Kreuzung von Schnauzer und Pudel. Die Rasse kommt perfekt mit Kindern und anderen Haustieren zurecht und hat kaum Haarausfall, ein wichtiges Kriterium, auch f&uuml;r Familien, die in Wohnungen leben. Der Schnoodle zeichnet sich durch sein aktives und freundliches Wesen aus. Daher ist er ein idealer Hund f&uuml;r Singles, Paare und Familien, die gerne viel Zeit im Freien verbringen.<\/p>\n<p><strong>10. Deutscher Sch&auml;ferhund<\/strong><\/p>\n<p>Der Deutsche Sch&auml;ferhund hat ein ausgeglichenes Wesen. Er ist sehr intelligent, aufmerksam, gut erziehbar und seinem Besitzer gegen&uuml;ber treu. Als Familienhund ist es jedoch empfehlenswert den Sch&auml;ferhund ausreichend, wie etwa durch gemeinsame, sportliche Bet&auml;tigung sowie angemessene Aufgaben und Spiele, bei denen er seinen Kopf einsetzen muss, zu besch&auml;ftigen. Aus diesem Grund ist es wichtig, dass die neue Familie des Deutschen Sch&auml;ferhundes einen aktiven Lebensstil f&uuml;hrt.<\/p><\/p>\n","protected":false},"excerpt":{"rendered":"<p>Hunde k&ouml;nnen Kindern Verantwortung, Mitgef&uuml;hl und Geduld beibringen &#8211; ganz zu schweigen davon, dass sie die besten Spielkameraden sind, die man sich w&uuml;nschen kann. Bevor ihr euch einen Welpen in die Familie holt, solltet ihr euch&nbsp; jedoch &uuml;ber die Hunderasse informieren, die am besten zu eurem Zuhause und Lebensstil passt.&nbsp; Die Adoption oder der Kauf [&hellip;]<\/p>\n","protected":false},"author":10,"featured_media":144,"parent":0,"menu_order":0,"comment_status":"closed","ping_status":"closed","template":"","meta":{"_acf_changed":false,"footnotes":""},"class_list":["post-140","page","type-page","status-publish","has-post-thumbnail","hentry"],"acf":[],"yoast_head":"<!-- This site is optimized with the Yoast SEO plugin v26.9 - https:\/\/yoast.com\/product\/yoast-seo-wordpress\/ -->\n<title>10 Hunderassen f\u00fcr Familien mit Kindern<\/title>\n<meta name=\"description\" content=\"Welche Hunderasse ist am besten f\u00fcr Familien mit Kindern geeignet? Finde in diesem Artikel Antworten auf deine Fragen und den perfekte Fellnase f\u00fcr deine Familie.\" \/>\n<meta name=\"robots\" content=\"index, follow, max-snippet:-1, max-image-preview:large, max-video-preview:-1\" \/>\n<link rel=\"canonical\" href=\"https:\/\/yoopies.at\/c\/10-hunderassen-fur-familien-mit-kindern\/\" \/>\n<meta property=\"og:locale\" content=\"de_DE\" \/>\n<meta property=\"og:type\" content=\"article\" \/>\n<meta property=\"og:title\" content=\"10 Hunderassen f\u00fcr Familien mit Kindern\" \/>\n<meta property=\"og:description\" content=\"Welche Hunderasse ist am besten f\u00fcr Familien mit Kindern geeignet? Finde in diesem Artikel Antworten auf deine Fragen und den perfekte Fellnase f\u00fcr deine Familie.\" \/>\n<meta property=\"og:url\" content=\"https:\/\/yoopies.at\/c\/10-hunderassen-fur-familien-mit-kindern\/\" \/>\n<meta property=\"og:site_name\" content=\"Yoopies \u00d6sterreich\" \/>\n<meta property=\"article:modified_time\" content=\"2025-06-12T08:43:07+00:00\" \/>\n<meta property=\"og:image\" content=\"https:\/\/yoopies.at\/c\/wp-content\/uploads\/sites\/6\/2022\/07\/f0d3cec1-659a-4206-9604-18470fde4e6b-dog2.jpg\" \/>\n\t<meta property=\"og:image:width\" content=\"1200\" \/>\n\t<meta property=\"og:image:height\" content=\"1873\" \/>\n\t<meta property=\"og:image:type\" content=\"image\/jpeg\" \/>\n<meta name=\"twitter:card\" content=\"summary_large_image\" \/>\n<meta name=\"twitter:label1\" content=\"Gesch\u00e4tzte Lesezeit\" \/>\n\t<meta name=\"twitter:data1\" content=\"5 Minuten\" \/>\n<script type=\"application\/ld+json\" class=\"yoast-schema-graph\">{\"@context\":\"https:\/\/schema.org\",\"@graph\":[{\"@type\":\"WebPage\",\"@id\":\"https:\/\/yoopies.at\/c\/10-hunderassen-fur-familien-mit-kindern\/\",\"url\":\"https:\/\/yoopies.at\/c\/10-hunderassen-fur-familien-mit-kindern\/\",\"name\":\"10 Hunderassen f\u00fcr Familien mit Kindern\",\"isPartOf\":{\"@id\":\"https:\/\/yoopies.at\/c\/#website\"},\"primaryImageOfPage\":{\"@id\":\"https:\/\/yoopies.at\/c\/10-hunderassen-fur-familien-mit-kindern\/#primaryimage\"},\"image\":{\"@id\":\"https:\/\/yoopies.at\/c\/10-hunderassen-fur-familien-mit-kindern\/#primaryimage\"},\"thumbnailUrl\":\"https:\/\/yoopies.at\/c\/wp-content\/uploads\/sites\/6\/2022\/07\/f0d3cec1-659a-4206-9604-18470fde4e6b-dog2.jpg\",\"datePublished\":\"2022-07-26T09:09:31+00:00\",\"dateModified\":\"2025-06-12T08:43:07+00:00\",\"description\":\"Welche Hunderasse ist am besten f\u00fcr Familien mit Kindern geeignet? Finde in diesem Artikel Antworten auf deine Fragen und den perfekte Fellnase f\u00fcr deine Familie.\",\"breadcrumb\":{\"@id\":\"https:\/\/yoopies.at\/c\/10-hunderassen-fur-familien-mit-kindern\/#breadcrumb\"},\"inLanguage\":\"de-AT\",\"potentialAction\":[{\"@type\":\"ReadAction\",\"target\":[\"https:\/\/yoopies.at\/c\/10-hunderassen-fur-familien-mit-kindern\/\"]}]},{\"@type\":\"ImageObject\",\"inLanguage\":\"de-AT\",\"@id\":\"https:\/\/yoopies.at\/c\/10-hunderassen-fur-familien-mit-kindern\/#primaryimage\",\"url\":\"https:\/\/yoopies.at\/c\/wp-content\/uploads\/sites\/6\/2022\/07\/f0d3cec1-659a-4206-9604-18470fde4e6b-dog2.jpg\",\"contentUrl\":\"https:\/\/yoopies.at\/c\/wp-content\/uploads\/sites\/6\/2022\/07\/f0d3cec1-659a-4206-9604-18470fde4e6b-dog2.jpg\",\"width\":1200,\"height\":1873},{\"@type\":\"BreadcrumbList\",\"@id\":\"https:\/\/yoopies.at\/c\/10-hunderassen-fur-familien-mit-kindern\/#breadcrumb\",\"itemListElement\":[{\"@type\":\"ListItem\",\"position\":1,\"name\":\"Home\",\"item\":\"https:\/\/yoopies.at\/c\/\"},{\"@type\":\"ListItem\",\"position\":2,\"name\":\"10 Hunderassen f\u00fcr Familien mit Kindern\"}]},{\"@type\":\"WebSite\",\"@id\":\"https:\/\/yoopies.at\/c\/#website\",\"url\":\"https:\/\/yoopies.at\/c\/\",\"name\":\"Yoopies \u00d6sterreich\",\"description\":\"\",\"potentialAction\":[{\"@type\":\"SearchAction\",\"target\":{\"@type\":\"EntryPoint\",\"urlTemplate\":\"https:\/\/yoopies.at\/c\/?s={search_term_string}\"},\"query-input\":{\"@type\":\"PropertyValueSpecification\",\"valueRequired\":true,\"valueName\":\"search_term_string\"}}],\"inLanguage\":\"de-AT\"}]}<\/script>\n<!-- \/ Yoast SEO plugin. -->","yoast_head_json":{"title":"10 Hunderassen f\u00fcr Familien mit Kindern","description":"Welche Hunderasse ist am besten f\u00fcr Familien mit Kindern geeignet? Finde in diesem Artikel Antworten auf deine Fragen und den perfekte Fellnase f\u00fcr deine Familie.","robots":{"index":"index","follow":"follow","max-snippet":"max-snippet:-1","max-image-preview":"max-image-preview:large","max-video-preview":"max-video-preview:-1"},"canonical":"https:\/\/yoopies.at\/c\/10-hunderassen-fur-familien-mit-kindern\/","og_locale":"de_DE","og_type":"article","og_title":"10 Hunderassen f\u00fcr Familien mit Kindern","og_description":"Welche Hunderasse ist am besten f\u00fcr Familien mit Kindern geeignet? Finde in diesem Artikel Antworten auf deine Fragen und den perfekte Fellnase f\u00fcr deine Familie.","og_url":"https:\/\/yoopies.at\/c\/10-hunderassen-fur-familien-mit-kindern\/","og_site_name":"Yoopies \u00d6sterreich","article_modified_time":"2025-06-12T08:43:07+00:00","og_image":[{"width":1200,"height":1873,"url":"https:\/\/yoopies.at\/c\/wp-content\/uploads\/sites\/6\/2022\/07\/f0d3cec1-659a-4206-9604-18470fde4e6b-dog2.jpg","type":"image\/jpeg"}],"twitter_card":"summary_large_image","twitter_misc":{"Gesch\u00e4tzte Lesezeit":"5 Minuten"},"schema":{"@context":"https:\/\/schema.org","@graph":[{"@type":"WebPage","@id":"https:\/\/yoopies.at\/c\/10-hunderassen-fur-familien-mit-kindern\/","url":"https:\/\/yoopies.at\/c\/10-hunderassen-fur-familien-mit-kindern\/","name":"10 Hunderassen f\u00fcr Familien mit Kindern","isPartOf":{"@id":"https:\/\/yoopies.at\/c\/#website"},"primaryImageOfPage":{"@id":"https:\/\/yoopies.at\/c\/10-hunderassen-fur-familien-mit-kindern\/#primaryimage"},"image":{"@id":"https:\/\/yoopies.at\/c\/10-hunderassen-fur-familien-mit-kindern\/#primaryimage"},"thumbnailUrl":"https:\/\/yoopies.at\/c\/wp-content\/uploads\/sites\/6\/2022\/07\/f0d3cec1-659a-4206-9604-18470fde4e6b-dog2.jpg","datePublished":"2022-07-26T09:09:31+00:00","dateModified":"2025-06-12T08:43:07+00:00","description":"Welche Hunderasse ist am besten f\u00fcr Familien mit Kindern geeignet? Finde in diesem Artikel Antworten auf deine Fragen und den perfekte Fellnase f\u00fcr deine Familie.","breadcrumb":{"@id":"https:\/\/yoopies.at\/c\/10-hunderassen-fur-familien-mit-kindern\/#breadcrumb"},"inLanguage":"de-AT","potentialAction":[{"@type":"ReadAction","target":["https:\/\/yoopies.at\/c\/10-hunderassen-fur-familien-mit-kindern\/"]}]},{"@type":"ImageObject","inLanguage":"de-AT","@id":"https:\/\/yoopies.at\/c\/10-hunderassen-fur-familien-mit-kindern\/#primaryimage","url":"https:\/\/yoopies.at\/c\/wp-content\/uploads\/sites\/6\/2022\/07\/f0d3cec1-659a-4206-9604-18470fde4e6b-dog2.jpg","contentUrl":"https:\/\/yoopies.at\/c\/wp-content\/uploads\/sites\/6\/2022\/07\/f0d3cec1-659a-4206-9604-18470fde4e6b-dog2.jpg","width":1200,"height":1873},{"@type":"BreadcrumbList","@id":"https:\/\/yoopies.at\/c\/10-hunderassen-fur-familien-mit-kindern\/#breadcrumb","itemListElement":[{"@type":"ListItem","position":1,"name":"Home","item":"https:\/\/yoopies.at\/c\/"},{"@type":"ListItem","position":2,"name":"10 Hunderassen f\u00fcr Familien mit Kindern"}]},{"@type":"WebSite","@id":"https:\/\/yoopies.at\/c\/#website","url":"https:\/\/yoopies.at\/c\/","name":"Yoopies \u00d6sterreich","description":"","potentialAction":[{"@type":"SearchAction","target":{"@type":"EntryPoint","urlTemplate":"https:\/\/yoopies.at\/c\/?s={search_term_string}"},"query-input":{"@type":"PropertyValueSpecification","valueRequired":true,"valueName":"search_term_string"}}],"inLanguage":"de-AT"}]}},"_links":{"self":[{"href":"https:\/\/yoopies.at\/c\/wp-json\/wp\/v2\/pages\/140","targetHints":{"allow":["GET"]}}],"collection":[{"href":"https:\/\/yoopies.at\/c\/wp-json\/wp\/v2\/pages"}],"about":[{"href":"https:\/\/yoopies.at\/c\/wp-json\/wp\/v2\/types\/page"}],"author":[{"embeddable":true,"href":"https:\/\/yoopies.at\/c\/wp-json\/wp\/v2\/users\/10"}],"replies":[{"embeddable":true,"href":"https:\/\/yoopies.at\/c\/wp-json\/wp\/v2\/comments?post=140"}],"version-history":[{"count":1,"href":"https:\/\/yoopies.at\/c\/wp-json\/wp\/v2\/pages\/140\/revisions"}],"predecessor-version":[{"id":145,"href":"https:\/\/yoopies.at\/c\/wp-json\/wp\/v2\/pages\/140\/revisions\/145"}],"wp:featuredmedia":[{"embeddable":true,"href":"https:\/\/yoopies.at\/c\/wp-json\/wp\/v2\/media\/144"}],"wp:attachment":[{"href":"https:\/\/yoopies.at\/c\/wp-json\/wp\/v2\/media?parent=140"}],"curies":[{"name":"wp","href":"https:\/\/api.w.org\/{rel}","templated":true}]}}